{"id":805,"date":"2020-06-01T15:43:21","date_gmt":"2020-06-01T13:43:22","guid":{"rendered":"https:\/\/shop.besteskernoel.at\/?post_type=product&#038;p=805"},"modified":"2024-07-21T20:31:58","modified_gmt":"2024-07-21T18:31:58","slug":"value-pack-steirisches-kuerbiskernoel-g-g-a-12x-1-liter","status":"publish","type":"product","link":"https:\/\/shop.besteskernoel.at\/en\/produkt\/value-pack-steirisches-kuerbiskernoel-g-g-a-12x-1-liter\/","title":{"rendered":"Value pack &#8211; Steirisches K\u00fcrbiskern\u00f6l g.g.A. \u2013 12x 1 Liter"},"content":{"rendered":"<h3>12x 1L &#8211; 100% Steirisches K\u00fcrbiskern\u00f6l g.g.A. &#8211; styrian pumpkin seed oil &#8211; value pack<\/h3>\n<p>Styrian pumpkin seed oil is used in many different ways, especially as a noble oil for various salad variations. For all dishes that contain pumpkin seeds or the pulp of the pumpkin, the Styrian pumpkin seed oil enhances the taste.\u00a0It has a specific taste that is most likely to be described as nutty.<\/p>\n<table class=\"contenttable\" summary=\"\">\n<tbody>\n<tr>\n<th scope=\"row\">Quantity<\/th>\n<td scope=\"\">12x 1L Steirisches K\u00fcrbiskern\u00f6l g.g.A. &#8211; styrian pumpkin seed oil<\/td>\n<\/tr>\n<tr>\n<th scope=\"row\">Pressing<\/th>\n<td scope=\"\">styrian stamp press<\/td>\n<\/tr>\n<tr>\n<th scope=\"row\">Color, Fragrance, Taste<\/th>\n<td>dark green, very nutty, delicious<\/td>\n<\/tr>\n<tr>\n<th scope=\"row\">Use<\/th>\n<td>alads, raw food, dressing, marinades, dessert, cold meat dishes, skin care in massage oils and skin creams<\/td>\n<\/tr>\n<tr>\n<th scope=\"row\">Ingredients<\/th>\n<td><span style=\"font-family: inherit; font-size: inherit;\">46% polyunsaturated fatty acids<\/span><br \/>\n<span style=\"font-family: inherit; font-size: inherit;\">36% monounsaturated fatty acids<\/span><span style=\"font-family: inherit; font-size: inherit;\">\u00a0\u00a0<\/span><br \/>\n<span style=\"font-family: inherit; font-size: inherit;\">17%\u00a0<\/span><span style=\"font-family: inherit; font-size: inherit;\">saturated fatty acids\u00a0\u00a0<\/span><br \/>\n<span style=\"font-family: inherit; font-size: inherit;\">1%\u00a0<\/span><span style=\"font-family: inherit; font-size: inherit;\">fat accompaniments with a high content of vitamin E, unbound chlorophyll<\/span><\/td>\n<\/tr>\n<tr>\n<th scope=\"row\">Useability<\/th>\n<td>closed 1 year, temperature 8-18\u00b0, store in a dark room<\/td>\n<\/tr>\n<tr>\n<th scope=\"row\">Heatresistivity<\/th>\n<td>not heatable<\/td>\n<\/tr>\n<\/tbody>\n<\/table>\n<p style=\"text-align: center;\"><script type=\"text\/javascript\">\r\ndocument.addEventListener(\"DOMContentLoaded\", function(event) { \r\n\tjQuery( '#slider-pro-3-327' ).sliderPro({\r\n\t\t\/\/width\r\n\t\t\t\twidth: 350,\r\n\t\t\t\t\r\n\t\t\/\/height\r\n\t\t\t\theight: 500,\r\n\t\t\t\t\r\n\t\t\/\/auto play\r\n\t\t\t\tautoplay:  true,\r\n\t\tautoplayOnHover: 'none',\r\n\t\t\t\t\t\t\t\tautoplayDelay: 5000,\r\n\t\t\r\n\t\t\r\n\t\tarrows: true,\r\n\t\tbuttons: true,\r\n\t\tsmallSize: 500,\r\n\t\tmediumSize: 1000,\r\n\t\tlargeSize: 3000,\r\n\t\tfade: true,\r\n\t\t\r\n\t\t\/\/thumbnail\r\n\t\tthumbnailArrows: true,\r\n\t\tthumbnailWidth: 80,\r\n\t\tthumbnailHeight: 100,\r\n\t\t\t\t\t\tthumbnailsPosition: 'bottom',\r\n\t\t\t\t\t\tcenterImage: true,\r\n\t\timageScaleMode: 'cover',\r\n\t\tallowScaleUp: true,\r\n\t\t\t\tstartSlide: 0,\r\n\t\tloop: true,\r\n\t\tslideDistance: 5,\r\n\t\tautoplayDirection: 'normal',\r\n\t\ttouchSwipe: true,\r\n\t\tfullScreen: true,\r\n\t});\r\n});\r\n<\/script>\r\n<style>\r\n\/* Layout 3 *\/\r\n\/* border *\/\r\n#slider-pro-3-327 .sp-selected-thumbnail {\r\n\tborder: 4px solid #000000;\r\n}\r\n\r\n\/* font + color *\/\r\n.title-in  {\r\n\tfont-family: Arial !important;\r\n\tcolor: #FFFFFF !important;\r\n\tbackground-color: #000000 !important;\r\n\topacity: 0.7 !important;\r\n}\r\n.desc-in  {\r\n\tfont-family: Arial !important;\r\n\tcolor: #FFFFFF !important;\r\n\tbackground-color: #00000 !important;\r\n\topacity: 0.7 !important;\r\n}\r\n\r\n\/* bullets color *\/\r\n.sp-button  {\r\n\tborder: 2px solid #000000 !important;\r\n}\r\n.sp-selected-button  {\r\n\tbackground-color: #000000 !important;\r\n}\r\n\r\n\/* pointer color - bottom *\/\r\n.sp-selected-thumbnail::before {\r\n\tborder-bottom: 5px solid #000000 !important;\r\n}\r\n.sp-selected-thumbnail::after {\r\n\tborder-bottom: 13px solid #000000 !important;\r\n}\r\n\r\n\/* pointer color - top *\/\r\n\r\n\/* full screen icon *\/\r\n.sp-full-screen-button::before {\r\n    color: #FFFFFF !important;\r\n}\r\n\r\n\/* hover navigation icon color *\/\r\n.sp-next-arrow::after, .sp-next-arrow::before {\r\n\tbackground-color: #FFFFFF !important;\r\n}\r\n.sp-previous-arrow::after, .sp-previous-arrow::before {\r\n\tbackground-color: #FFFFFF !important;\r\n}\r\n\r\n#slider-pro-3-327 .title-in {\r\n\tcolor: #FFFFFF !important;\r\n\tfont-weight: bolder;\r\n\ttext-align: center;\r\n}\r\n\r\n#slider-pro-3-327 .title-in-bg {\r\n\tbackground: rgba(255, 255, 255, 0.7); !important;\r\n\twhite-space: unset !important;\r\n\tmax-width: 90%;\r\n\tmin-width: 40%;\r\n\ttransform: initial !important;\r\n\t-webkit-transform: initial !important;\r\n\tfont-size: 14px !important;\r\n}\r\n\r\n#slider-pro-3-327 .desc-in {\r\n\tcolor: #FFFFFF !important;\r\n\ttext-align: center;\r\n}\r\n#slider-pro-3-327 .desc-in-bg {\r\n\tbackground: rgba(#00000, 0.7) !important;\r\n\twhite-space: unset !important;\r\n\twidth: 80% !important;\r\n\tmin-width: 30%;\r\n\ttransform: initial !important;\r\n\t-webkit-transform: initial !important;\r\n\tfont-size: 13px !important;\r\n}\r\n\r\n@media (max-width: 640px) {\r\n\t#slider-pro-3-327 .hide-small-screen {\r\n\t\tdisplay: none;\r\n\t}\r\n}\r\n\r\n@media (max-width: 860px) {\r\n\t#slider-pro-3-327 .sp-layer {\r\n\t\tfont-size: 18px;\r\n\t}\r\n\t\r\n\t#slider-pro-3-327 .hide-medium-screen {\r\n\t\tdisplay: none;\r\n\t}\r\n}\r\n.slides-not-found {\r\n\tbackground-color: #a92929;\r\n\tborder-radius: 5px;\r\n\tcolor: #fff;\r\n\tfont-family: initial;\r\n\ttext-align: center;\r\n\tpadding:12px;\r\n}\r\n\/* Custom CSS *\/\r\n<\/style>\r\n\t\t<div id=\"slider-pro-3-327\" class=\"slider-pro\">\r\n\t\t\t<!---- slides div start ---->\r\n\t\t\t<div class=\"sp-slides\">\r\n\t\t\t\t\t\t\t\t\t\t<div class=\"sp-slide\">\r\n\t\t\t\t\t\t\t<img class=\"sp-image\" alt=\"Pr\u00e4mierung 2024\" src=\"https:\/\/shop.besteskernoel.at\/wp-content\/plugins\/ultimate-responsive-image-slider\/assets\/css\/images\/blank.gif\" data-src=\"https:\/\/shop.besteskernoel.at\/wp-content\/uploads\/2024\/07\/Praemierung-2024-1.jpg\" \/>\r\n\r\n\t\t\t\t\t\t\t\r\n\t\t\t\t\t\t\t\t\t\t\t\t\t<\/div>\r\n\t\t\t\t\t\t\t\t\t\t\t\t<div class=\"sp-slide\">\r\n\t\t\t\t\t\t\t<img class=\"sp-image\" alt=\"steirisches K\u00fcrbiskern\u00f6l ggA-Pr\u00e4mierung 2023\" src=\"https:\/\/shop.besteskernoel.at\/wp-content\/plugins\/ultimate-responsive-image-slider\/assets\/css\/images\/blank.gif\" data-src=\"https:\/\/shop.besteskernoel.at\/wp-content\/uploads\/2023\/05\/Praemierung2023.jpg\" \/>\r\n\r\n\t\t\t\t\t\t\t\r\n\t\t\t\t\t\t\t\t\t\t\t\t\t<\/div>\r\n\t\t\t\t\t\t\t\t\t\t\t\t<div class=\"sp-slide\">\r\n\t\t\t\t\t\t\t<img class=\"sp-image\" alt=\"steirisches K\u00fcrbiskern\u00f6l ggA-Pr\u00e4mierung 2022\" src=\"https:\/\/shop.besteskernoel.at\/wp-content\/plugins\/ultimate-responsive-image-slider\/assets\/css\/images\/blank.gif\" data-src=\"https:\/\/shop.besteskernoel.at\/wp-content\/uploads\/2022\/04\/Praemierung-2022-scaled.jpg\" \/>\r\n\r\n\t\t\t\t\t\t\t\r\n\t\t\t\t\t\t\t\t\t\t\t\t\t<\/div>\r\n\t\t\t\t\t\t\t\t\t\t\t\t<div class=\"sp-slide\">\r\n\t\t\t\t\t\t\t<img class=\"sp-image\" alt=\"steirisches K\u00fcrbiskern\u00f6l ggA-Pr\u00e4mierung 2021\" src=\"https:\/\/shop.besteskernoel.at\/wp-content\/plugins\/ultimate-responsive-image-slider\/assets\/css\/images\/blank.gif\" data-src=\"https:\/\/shop.besteskernoel.at\/wp-content\/uploads\/2021\/07\/Praemierung-2021.jpg\" \/>\r\n\r\n\t\t\t\t\t\t\t\r\n\t\t\t\t\t\t\t\t\t\t\t\t\t<\/div>\r\n\t\t\t\t\t\t\t\t\t\t\t\t<div class=\"sp-slide\">\r\n\t\t\t\t\t\t\t<img class=\"sp-image\" alt=\"steirisches K\u00fcrbiskern\u00f6l ggA-Pr\u00e4mierung 2020\" src=\"https:\/\/shop.besteskernoel.at\/wp-content\/plugins\/ultimate-responsive-image-slider\/assets\/css\/images\/blank.gif\" data-src=\"https:\/\/shop.besteskernoel.at\/wp-content\/uploads\/2020\/05\/steirisches-K\u00fcrbiskern\u00f6l-ggA-Pr\u00e4mierung-2020.jpg\" \/>\r\n\r\n\t\t\t\t\t\t\t\r\n\t\t\t\t\t\t\t\t\t\t\t\t\t<\/div>\r\n\t\t\t\t\t\t\t\t\t\t\t\t<div class=\"sp-slide\">\r\n\t\t\t\t\t\t\t<img class=\"sp-image\" alt=\"Pr\u00e4miertes steirisches K\u00fcrbiskern\u00f6l 2019\" src=\"https:\/\/shop.besteskernoel.at\/wp-content\/plugins\/ultimate-responsive-image-slider\/assets\/css\/images\/blank.gif\" data-src=\"https:\/\/shop.besteskernoel.at\/wp-content\/uploads\/2019\/06\/Pr\u00e4mierung-2019-723x1024_1-e1564177386437.jpg\" \/>\r\n\r\n\t\t\t\t\t\t\t\r\n\t\t\t\t\t\t\t\t\t\t\t\t\t<\/div>\r\n\t\t\t\t\t\t\t\t\t\t\t\t<div class=\"sp-slide\">\r\n\t\t\t\t\t\t\t<img class=\"sp-image\" alt=\"Kern\u00f6l Pr\u00e4mierung 2018\" src=\"https:\/\/shop.besteskernoel.at\/wp-content\/plugins\/ultimate-responsive-image-slider\/assets\/css\/images\/blank.gif\" data-src=\"https:\/\/shop.besteskernoel.at\/wp-content\/uploads\/2019\/01\/Pr\u00e4mierung-2018-e1564177428764.jpg\" \/>\r\n\r\n\t\t\t\t\t\t\t\r\n\t\t\t\t\t\t\t\t\t\t\t\t\t<\/div>\r\n\t\t\t\t\t\t\t\t\t\t\t\t<div class=\"sp-slide\">\r\n\t\t\t\t\t\t\t<img class=\"sp-image\" alt=\"Kern\u00f6l Pr\u00e4mierung 2017\" src=\"https:\/\/shop.besteskernoel.at\/wp-content\/plugins\/ultimate-responsive-image-slider\/assets\/css\/images\/blank.gif\" data-src=\"https:\/\/shop.besteskernoel.at\/wp-content\/uploads\/2019\/01\/Pr\u00e4mierung-2017-e1564177457943.jpg\" \/>\r\n\r\n\t\t\t\t\t\t\t\r\n\t\t\t\t\t\t\t\t\t\t\t\t\t<\/div>\r\n\t\t\t\t\t\t\t\t\t\t\t\t<div class=\"sp-slide\">\r\n\t\t\t\t\t\t\t<img class=\"sp-image\" alt=\"Kern\u00f6l Pr\u00e4mierung 2016\" src=\"https:\/\/shop.besteskernoel.at\/wp-content\/plugins\/ultimate-responsive-image-slider\/assets\/css\/images\/blank.gif\" data-src=\"https:\/\/shop.besteskernoel.at\/wp-content\/uploads\/2019\/01\/Pr\u00e4mierung-2016-e1564177511352.jpg\" \/>\r\n\r\n\t\t\t\t\t\t\t\r\n\t\t\t\t\t\t\t\t\t\t\t\t\t<\/div>\r\n\t\t\t\t\t\t\t\t\t\t\t\t<div class=\"sp-slide\">\r\n\t\t\t\t\t\t\t<img class=\"sp-image\" alt=\"Kern\u00f6l Pr\u00e4mierung 2015\" src=\"https:\/\/shop.besteskernoel.at\/wp-content\/plugins\/ultimate-responsive-image-slider\/assets\/css\/images\/blank.gif\" data-src=\"https:\/\/shop.besteskernoel.at\/wp-content\/uploads\/2019\/01\/Pr\u00e4mierung-2015-e1564177540703.jpg\" \/>\r\n\r\n\t\t\t\t\t\t\t\r\n\t\t\t\t\t\t\t\t\t\t\t\t\t<\/div>\r\n\t\t\t\t\t\t\t\t\t<\/div>\r\n\t\t\t\r\n\t\t\t<!---- slides div end ---->\r\n\t\t\t\t\t\t<!-- slides thumbnails div start -->\r\n\t\t\t<div class=\"sp-thumbnails\">\r\n\t\t\t\t\t\t\t\t\t\t<img class=\"sp-thumbnail\" src=\"https:\/\/shop.besteskernoel.at\/wp-content\/plugins\/ultimate-responsive-image-slider\/assets\/img\/loading.gif\" data-src=\"https:\/\/shop.besteskernoel.at\/wp-content\/uploads\/2024\/07\/Praemierung-2024-1-212x300.jpg\" alt=\"Pr\u00e4mierung 2024\"\/>\r\n\t\t\t\t\t\t\t\t\t\t\t<img class=\"sp-thumbnail\" src=\"https:\/\/shop.besteskernoel.at\/wp-content\/plugins\/ultimate-responsive-image-slider\/assets\/img\/loading.gif\" data-src=\"https:\/\/shop.besteskernoel.at\/wp-content\/uploads\/2023\/05\/Praemierung2023-212x300.jpg\" alt=\"steirisches K\u00fcrbiskern\u00f6l ggA-Pr\u00e4mierung 2023\"\/>\r\n\t\t\t\t\t\t\t\t\t\t\t<img class=\"sp-thumbnail\" src=\"https:\/\/shop.besteskernoel.at\/wp-content\/plugins\/ultimate-responsive-image-slider\/assets\/img\/loading.gif\" data-src=\"https:\/\/shop.besteskernoel.at\/wp-content\/uploads\/2022\/04\/Praemierung-2022-212x300.jpg\" alt=\"steirisches K\u00fcrbiskern\u00f6l ggA-Pr\u00e4mierung 2022\"\/>\r\n\t\t\t\t\t\t\t\t\t\t\t<img class=\"sp-thumbnail\" src=\"https:\/\/shop.besteskernoel.at\/wp-content\/plugins\/ultimate-responsive-image-slider\/assets\/img\/loading.gif\" data-src=\"https:\/\/shop.besteskernoel.at\/wp-content\/uploads\/2021\/07\/Praemierung-2021-212x300.jpg\" alt=\"steirisches K\u00fcrbiskern\u00f6l ggA-Pr\u00e4mierung 2021\"\/>\r\n\t\t\t\t\t\t\t\t\t\t\t<img class=\"sp-thumbnail\" src=\"https:\/\/shop.besteskernoel.at\/wp-content\/plugins\/ultimate-responsive-image-slider\/assets\/img\/loading.gif\" data-src=\"https:\/\/shop.besteskernoel.at\/wp-content\/uploads\/2020\/05\/steirisches-K\u00fcrbiskern\u00f6l-ggA-Pr\u00e4mierung-2020-212x300.jpg\" alt=\"steirisches K\u00fcrbiskern\u00f6l ggA-Pr\u00e4mierung 2020\"\/>\r\n\t\t\t\t\t\t\t\t\t\t\t<img class=\"sp-thumbnail\" src=\"https:\/\/shop.besteskernoel.at\/wp-content\/plugins\/ultimate-responsive-image-slider\/assets\/img\/loading.gif\" data-src=\"https:\/\/shop.besteskernoel.at\/wp-content\/uploads\/2019\/06\/Pr\u00e4mierung-2019-723x1024_1-e1564177386437-212x300.jpg\" alt=\"Pr\u00e4miertes steirisches K\u00fcrbiskern\u00f6l 2019\"\/>\r\n\t\t\t\t\t\t\t\t\t\t\t<img class=\"sp-thumbnail\" src=\"https:\/\/shop.besteskernoel.at\/wp-content\/plugins\/ultimate-responsive-image-slider\/assets\/img\/loading.gif\" data-src=\"https:\/\/shop.besteskernoel.at\/wp-content\/uploads\/2019\/01\/Pr\u00e4mierung-2018-e1564177428764-212x300.jpg\" alt=\"Kern\u00f6l Pr\u00e4mierung 2018\"\/>\r\n\t\t\t\t\t\t\t\t\t\t\t<img class=\"sp-thumbnail\" src=\"https:\/\/shop.besteskernoel.at\/wp-content\/plugins\/ultimate-responsive-image-slider\/assets\/img\/loading.gif\" data-src=\"https:\/\/shop.besteskernoel.at\/wp-content\/uploads\/2019\/01\/Pr\u00e4mierung-2017-e1564177457943-212x300.jpg\" alt=\"Kern\u00f6l Pr\u00e4mierung 2017\"\/>\r\n\t\t\t\t\t\t\t\t\t\t\t<img class=\"sp-thumbnail\" src=\"https:\/\/shop.besteskernoel.at\/wp-content\/plugins\/ultimate-responsive-image-slider\/assets\/img\/loading.gif\" data-src=\"https:\/\/shop.besteskernoel.at\/wp-content\/uploads\/2019\/01\/Pr\u00e4mierung-2016-e1564177511352-212x300.jpg\" alt=\"Kern\u00f6l Pr\u00e4mierung 2016\"\/>\r\n\t\t\t\t\t\t\t\t\t\t\t<img class=\"sp-thumbnail\" src=\"https:\/\/shop.besteskernoel.at\/wp-content\/plugins\/ultimate-responsive-image-slider\/assets\/img\/loading.gif\" data-src=\"https:\/\/shop.besteskernoel.at\/wp-content\/uploads\/2019\/01\/Pr\u00e4mierung-2015-e1564177540703-212x300.jpg\" alt=\"Kern\u00f6l Pr\u00e4mierung 2015\"\/>\r\n\t\t\t\t\t\t\t\t<\/div>\r\n\t\t\t\t\t\t<!-- slides thumbnails div end -->\r\n\t\t<\/div>\r\n<\/p>\n","protected":false},"excerpt":{"rendered":"<h3>12x 1L &#8211; 100% Steirisches K\u00fcrbiskern\u00f6l g.g.A. &#8211; styrian pumpkin seed oil &#8211; value pack<\/h3>\n<p>Only the best seeds from the Styrian oil pumpkin form the basis for our Styrian pumpkin seed oil.[spacer height=\"20px\"]<br \/>\n<strong>You will experience this in taste:<\/strong><br \/>\nA fine-nutty aroma and the green color make it an optical and tasteful pleasure.[spacer height=\"20px\"]<\/p>\n","protected":false},"featured_media":812,"comment_status":"open","ping_status":"closed","template":"","meta":{"om_disable_all_campaigns":false,"_monsterinsights_skip_tracking":false,"_monsterinsights_sitenote_active":false,"_monsterinsights_sitenote_note":"","_monsterinsights_sitenote_category":0},"product_cat":[67],"product_tag":[101,102,68,69],"aioseo_notices":[],"yoast_head":"<!-- This site is optimized with the Yoast SEO plugin v20.7 - https:\/\/yoast.com\/wordpress\/plugins\/seo\/ -->\n<title>Value pack - Steirisches K\u00fcrbiskern\u00f6l g.g.A. \u2013 12x 1 Liter - Besteskernoel.at<\/title>\n<meta name=\"description\" content=\"Onlineshop - Styrian Pumpkin Seed Oil of the Wechtitsch family - Fast shipping and cheap delivery - Many satisfied customers - Value pack 12x 1L\" \/>\n<meta name=\"robots\" content=\"index, follow, max-snippet:-1, max-image-preview:large, max-video-preview:-1\" \/>\n<link rel=\"canonical\" href=\"https:\/\/shop.besteskernoel.at\/en\/produkt\/value-pack-steirisches-kuerbiskernoel-g-g-a-12x-1-liter\/\" \/>\n<meta property=\"og:locale\" content=\"en_US\" \/>\n<meta property=\"og:type\" content=\"article\" \/>\n<meta property=\"og:title\" content=\"Value pack - Steirisches K\u00fcrbiskern\u00f6l g.g.A. \u2013 12x 1 Liter - Besteskernoel.at\" \/>\n<meta property=\"og:description\" content=\"Onlineshop - Styrian Pumpkin Seed Oil of the Wechtitsch family - Fast shipping and cheap delivery - Many satisfied customers - Value pack 12x 1L\" \/>\n<meta property=\"og:url\" content=\"https:\/\/shop.besteskernoel.at\/en\/produkt\/value-pack-steirisches-kuerbiskernoel-g-g-a-12x-1-liter\/\" \/>\n<meta property=\"og:site_name\" content=\"Besteskernoel.at\" \/>\n<meta property=\"article:modified_time\" content=\"2024-07-21T18:31:58+00:00\" \/>\n<meta property=\"og:image\" content=\"https:\/\/shop.besteskernoel.at\/wp-content\/uploads\/2020\/06\/12x1L-K\u00fcrbiskernoel_1-1.jpg\" \/>\n\t<meta property=\"og:image:width\" content=\"1000\" \/>\n\t<meta property=\"og:image:height\" content=\"1000\" \/>\n\t<meta property=\"og:image:type\" content=\"image\/jpeg\" \/>\n<meta name=\"twitter:card\" content=\"summary_large_image\" \/>\n<meta name=\"twitter:label1\" content=\"Est. reading time\" \/>\n\t<meta name=\"twitter:data1\" content=\"1 minute\" \/>\n<script type=\"application\/ld+json\" class=\"yoast-schema-graph\">{\"@context\":\"https:\/\/schema.org\",\"@graph\":[{\"@type\":\"WebPage\",\"@id\":\"https:\/\/shop.besteskernoel.at\/en\/produkt\/value-pack-steirisches-kuerbiskernoel-g-g-a-12x-1-liter\/\",\"url\":\"https:\/\/shop.besteskernoel.at\/en\/produkt\/value-pack-steirisches-kuerbiskernoel-g-g-a-12x-1-liter\/\",\"name\":\"Value pack - Steirisches K\u00fcrbiskern\u00f6l g.g.A. \u2013 12x 1 Liter - Besteskernoel.at\",\"isPartOf\":{\"@id\":\"https:\/\/shop.besteskernoel.at\/#website\"},\"datePublished\":\"2020-06-01T13:43:22+00:00\",\"dateModified\":\"2024-07-21T18:31:58+00:00\",\"description\":\"Onlineshop - Styrian Pumpkin Seed Oil of the Wechtitsch family - Fast shipping and cheap delivery - Many satisfied customers - Value pack 12x 1L\",\"breadcrumb\":{\"@id\":\"https:\/\/shop.besteskernoel.at\/en\/produkt\/value-pack-steirisches-kuerbiskernoel-g-g-a-12x-1-liter\/#breadcrumb\"},\"inLanguage\":\"en-US\",\"potentialAction\":[{\"@type\":\"ReadAction\",\"target\":[\"https:\/\/shop.besteskernoel.at\/en\/produkt\/value-pack-steirisches-kuerbiskernoel-g-g-a-12x-1-liter\/\"]}]},{\"@type\":\"BreadcrumbList\",\"@id\":\"https:\/\/shop.besteskernoel.at\/en\/produkt\/value-pack-steirisches-kuerbiskernoel-g-g-a-12x-1-liter\/#breadcrumb\",\"itemListElement\":[{\"@type\":\"ListItem\",\"position\":1,\"name\":\"Startseite\",\"item\":\"https:\/\/shop.besteskernoel.at\/en\/\"},{\"@type\":\"ListItem\",\"position\":2,\"name\":\"Besteskernoel.at &#8211; Onlineshop\",\"item\":\"https:\/\/shop.besteskernoel.at\/\"},{\"@type\":\"ListItem\",\"position\":3,\"name\":\"Value pack &#8211; Steirisches K\u00fcrbiskern\u00f6l g.g.A. \u2013 12x 1 Liter\"}]},{\"@type\":\"WebSite\",\"@id\":\"https:\/\/shop.besteskernoel.at\/#website\",\"url\":\"https:\/\/shop.besteskernoel.at\/\",\"name\":\"Besteskernoel.at\",\"description\":\"Steirisches K\u00fcrbiskern\u00f6l g.g.A. - Onlineshop der Familie Wechtitsch\",\"potentialAction\":[{\"@type\":\"SearchAction\",\"target\":{\"@type\":\"EntryPoint\",\"urlTemplate\":\"https:\/\/shop.besteskernoel.at\/?s={search_term_string}\"},\"query-input\":\"required name=search_term_string\"}],\"inLanguage\":\"en-US\"}]}<\/script>\n<!-- \/ Yoast SEO plugin. -->","yoast_head_json":{"title":"Value pack - Steirisches K\u00fcrbiskern\u00f6l g.g.A. \u2013 12x 1 Liter - Besteskernoel.at","description":"Onlineshop - Styrian Pumpkin Seed Oil of the Wechtitsch family - Fast shipping and cheap delivery - Many satisfied customers - Value pack 12x 1L","robots":{"index":"index","follow":"follow","max-snippet":"max-snippet:-1","max-image-preview":"max-image-preview:large","max-video-preview":"max-video-preview:-1"},"canonical":"https:\/\/shop.besteskernoel.at\/en\/produkt\/value-pack-steirisches-kuerbiskernoel-g-g-a-12x-1-liter\/","og_locale":"en_US","og_type":"article","og_title":"Value pack - Steirisches K\u00fcrbiskern\u00f6l g.g.A. \u2013 12x 1 Liter - Besteskernoel.at","og_description":"Onlineshop - Styrian Pumpkin Seed Oil of the Wechtitsch family - Fast shipping and cheap delivery - Many satisfied customers - Value pack 12x 1L","og_url":"https:\/\/shop.besteskernoel.at\/en\/produkt\/value-pack-steirisches-kuerbiskernoel-g-g-a-12x-1-liter\/","og_site_name":"Besteskernoel.at","article_modified_time":"2024-07-21T18:31:58+00:00","og_image":[{"width":1000,"height":1000,"url":"https:\/\/shop.besteskernoel.at\/wp-content\/uploads\/2020\/06\/12x1L-K\u00fcrbiskernoel_1-1.jpg","type":"image\/jpeg"}],"twitter_card":"summary_large_image","twitter_misc":{"Est. reading time":"1 minute"},"schema":{"@context":"https:\/\/schema.org","@graph":[{"@type":"WebPage","@id":"https:\/\/shop.besteskernoel.at\/en\/produkt\/value-pack-steirisches-kuerbiskernoel-g-g-a-12x-1-liter\/","url":"https:\/\/shop.besteskernoel.at\/en\/produkt\/value-pack-steirisches-kuerbiskernoel-g-g-a-12x-1-liter\/","name":"Value pack - Steirisches K\u00fcrbiskern\u00f6l g.g.A. \u2013 12x 1 Liter - Besteskernoel.at","isPartOf":{"@id":"https:\/\/shop.besteskernoel.at\/#website"},"datePublished":"2020-06-01T13:43:22+00:00","dateModified":"2024-07-21T18:31:58+00:00","description":"Onlineshop - Styrian Pumpkin Seed Oil of the Wechtitsch family - Fast shipping and cheap delivery - Many satisfied customers - Value pack 12x 1L","breadcrumb":{"@id":"https:\/\/shop.besteskernoel.at\/en\/produkt\/value-pack-steirisches-kuerbiskernoel-g-g-a-12x-1-liter\/#breadcrumb"},"inLanguage":"en-US","potentialAction":[{"@type":"ReadAction","target":["https:\/\/shop.besteskernoel.at\/en\/produkt\/value-pack-steirisches-kuerbiskernoel-g-g-a-12x-1-liter\/"]}]},{"@type":"BreadcrumbList","@id":"https:\/\/shop.besteskernoel.at\/en\/produkt\/value-pack-steirisches-kuerbiskernoel-g-g-a-12x-1-liter\/#breadcrumb","itemListElement":[{"@type":"ListItem","position":1,"name":"Startseite","item":"https:\/\/shop.besteskernoel.at\/en\/"},{"@type":"ListItem","position":2,"name":"Besteskernoel.at &#8211; Onlineshop","item":"https:\/\/shop.besteskernoel.at\/"},{"@type":"ListItem","position":3,"name":"Value pack &#8211; Steirisches K\u00fcrbiskern\u00f6l g.g.A. \u2013 12x 1 Liter"}]},{"@type":"WebSite","@id":"https:\/\/shop.besteskernoel.at\/#website","url":"https:\/\/shop.besteskernoel.at\/","name":"Besteskernoel.at","description":"Steirisches K\u00fcrbiskern\u00f6l g.g.A. - Onlineshop der Familie Wechtitsch","potentialAction":[{"@type":"SearchAction","target":{"@type":"EntryPoint","urlTemplate":"https:\/\/shop.besteskernoel.at\/?s={search_term_string}"},"query-input":"required name=search_term_string"}],"inLanguage":"en-US"}]}},"_links":{"self":[{"href":"https:\/\/shop.besteskernoel.at\/en\/wp-json\/wp\/v2\/product\/805\/"}],"collection":[{"href":"https:\/\/shop.besteskernoel.at\/en\/wp-json\/wp\/v2\/product\/"}],"about":[{"href":"https:\/\/shop.besteskernoel.at\/en\/wp-json\/wp\/v2\/types\/product\/"}],"replies":[{"embeddable":true,"href":"https:\/\/shop.besteskernoel.at\/en\/wp-json\/wp\/v2\/comments\/?post=805"}],"wp:featuredmedia":[{"embeddable":true,"href":"https:\/\/shop.besteskernoel.at\/en\/wp-json\/wp\/v2\/media\/812\/"}],"wp:attachment":[{"href":"https:\/\/shop.besteskernoel.at\/en\/wp-json\/wp\/v2\/media\/?parent=805"}],"wp:term":[{"taxonomy":"product_cat","embeddable":true,"href":"https:\/\/shop.besteskernoel.at\/en\/wp-json\/wp\/v2\/product_cat\/?post=805"},{"taxonomy":"product_tag","embeddable":true,"href":"https:\/\/shop.besteskernoel.at\/en\/wp-json\/wp\/v2\/product_tag\/?post=805"}],"curies":[{"name":"wp","href":"https:\/\/api.w.org\/{rel}","templated":true}]}}